{"id":4405,"date":"2016-06-14T06:48:57","date_gmt":"2016-06-14T04:48:57","guid":{"rendered":"http:\/\/www.enbc.at\/?page_id=4405"},"modified":"2025-04-17T15:26:58","modified_gmt":"2025-04-17T13:26:58","slug":"beratung-und-begleitung","status":"publish","type":"page","link":"https:\/\/www.enbc.at\/en\/beratung-und-begleitung\/","title":{"rendered":"Japan consulting and support"},"content":{"rendered":"<p><\/p>\n<h5>Once the basic decision to enter the Japanese market has been made, the real work begins. Developing a viable strategy, identifying and approaching potential sales channels, planning and developing accompanying marketing measures, first trips to Japan&#8230; many individual steps are necessary to pave the way to success.<\/h5>\n<h5>I will be happy to advise you on all these steps or take on tasks directly for you. Whether you only need occasional help, want to outsource certain services permanently or require long-term support is your decision and can be adapted to your needs over time.<\/h5>\n<p>&nbsp;<\/p>\n<h6><img loading=\"lazy\" decoding=\"async\" class=\"size-medium wp-image-4667\" src=\"https:\/\/www.enbc.at\/wp-content\/uploads\/2004JapanHomeShow-013-300x225.jpg\" alt=\"\" width=\"300\" height=\"225\" srcset=\"https:\/\/www.enbc.at\/wp-content\/uploads\/2004JapanHomeShow-013-300x225.jpg 300w, https:\/\/www.enbc.at\/wp-content\/uploads\/2004JapanHomeShow-013-768x576.jpg 768w, https:\/\/www.enbc.at\/wp-content\/uploads\/2004JapanHomeShow-013.jpg 1024w\" sizes=\"auto, (max-width: 300px) 100vw, 300px\" \/>\u00a0 \u00a0 \u00a0 \u00a0 \u00a0 \u00a0<img loading=\"lazy\" decoding=\"async\" class=\"size-medium wp-image-4668\" src=\"https:\/\/www.enbc.at\/wp-content\/uploads\/2004JapanHomeShow-014-300x225.jpg\" alt=\"\" width=\"300\" height=\"225\" srcset=\"https:\/\/www.enbc.at\/wp-content\/uploads\/2004JapanHomeShow-014-300x225.jpg 300w, https:\/\/www.enbc.at\/wp-content\/uploads\/2004JapanHomeShow-014-768x576.jpg 768w, https:\/\/www.enbc.at\/wp-content\/uploads\/2004JapanHomeShow-014.jpg 1024w\" sizes=\"auto, (max-width: 300px) 100vw, 300px\" \/><br \/>\nfrom the good old times: presentation at Japan Home Show 2004<\/h6>\n<p><\/p>","protected":false},"excerpt":{"rendered":"<p>Once the basic decision to enter the Japanese market has been made, the real work begins. Developing a viable strategy, identifying and approaching potential sales channels, planning and developing accompanying marketing measures, first trips to Japan&#8230; many individual steps are necessary to pave the way to success. I will be happy to advise you on [&hellip;]<\/p>\n","protected":false},"author":1,"featured_media":0,"parent":0,"menu_order":0,"comment_status":"closed","ping_status":"closed","template":"","meta":{"footnotes":""},"class_list":["post-4405","page","type-page","status-publish","hentry"],"yoast_head":"<!-- This site is optimized with the Yoast SEO plugin v24.9 - https:\/\/yoast.com\/wordpress\/plugins\/seo\/ -->\n<title>Japan Gesch\u00e4ftsberatung - Japan business consultancy<\/title>\n<meta name=\"description\" content=\"Beratung, Unterst\u00fctzung und Begleitung Ihrer Gesch\u00e4ftsaktivit\u00e4ten in Japan. Consultant for all your business needs in the Japanese market.\" \/>\n<meta name=\"robots\" content=\"index, follow, max-snippet:-1, max-image-preview:large, max-video-preview:-1\" \/>\n<link rel=\"canonical\" href=\"https:\/\/www.enbc.at\/en\/beratung-und-begleitung\/\" \/>\n<meta property=\"og:locale\" content=\"en_US\" \/>\n<meta property=\"og:type\" content=\"article\" \/>\n<meta property=\"og:title\" content=\"Japan Gesch\u00e4ftsberatung - Japan business consultancy\" \/>\n<meta property=\"og:description\" content=\"Beratung, Unterst\u00fctzung und Begleitung Ihrer Gesch\u00e4ftsaktivit\u00e4ten in Japan. Consultant for all your business needs in the Japanese market.\" \/>\n<meta property=\"og:url\" content=\"https:\/\/www.enbc.at\/en\/beratung-und-begleitung\/\" \/>\n<meta property=\"og:site_name\" content=\"Mag. Ingrid Eder-Brunnhofer, MBA\" \/>\n<meta property=\"article:modified_time\" content=\"2025-04-17T13:26:58+00:00\" \/>\n<meta property=\"og:image\" content=\"https:\/\/www.enbc.at\/wp-content\/uploads\/2004JapanHomeShow-013-300x225.jpg\" \/>\n<meta name=\"twitter:card\" content=\"summary_large_image\" \/>\n<meta name=\"twitter:label1\" content=\"Est. reading time\" \/>\n\t<meta name=\"twitter:data1\" content=\"1 minute\" \/>\n<script type=\"application\/ld+json\" class=\"yoast-schema-graph\">{\"@context\":\"https:\/\/schema.org\",\"@graph\":[{\"@type\":\"WebPage\",\"@id\":\"https:\/\/www.enbc.at\/en\/beratung-und-begleitung\/\",\"url\":\"https:\/\/www.enbc.at\/en\/beratung-und-begleitung\/\",\"name\":\"Japan Gesch\u00e4ftsberatung - Japan business consultancy\",\"isPartOf\":{\"@id\":\"https:\/\/www.enbc.at\/en\/#website\"},\"primaryImageOfPage\":{\"@id\":\"https:\/\/www.enbc.at\/en\/beratung-und-begleitung\/#primaryimage\"},\"image\":{\"@id\":\"https:\/\/www.enbc.at\/en\/beratung-und-begleitung\/#primaryimage\"},\"thumbnailUrl\":\"https:\/\/www.enbc.at\/wp-content\/uploads\/2004JapanHomeShow-013-300x225.jpg\",\"datePublished\":\"2016-06-14T04:48:57+00:00\",\"dateModified\":\"2025-04-17T13:26:58+00:00\",\"description\":\"Beratung, Unterst\u00fctzung und Begleitung Ihrer Gesch\u00e4ftsaktivit\u00e4ten in Japan. Consultant for all your business needs in the Japanese market.\",\"breadcrumb\":{\"@id\":\"https:\/\/www.enbc.at\/en\/beratung-und-begleitung\/#breadcrumb\"},\"inLanguage\":\"en-US\",\"potentialAction\":[{\"@type\":\"ReadAction\",\"target\":[\"https:\/\/www.enbc.at\/en\/beratung-und-begleitung\/\"]}]},{\"@type\":\"ImageObject\",\"inLanguage\":\"en-US\",\"@id\":\"https:\/\/www.enbc.at\/en\/beratung-und-begleitung\/#primaryimage\",\"url\":\"https:\/\/www.enbc.at\/wp-content\/uploads\/2004JapanHomeShow-013-300x225.jpg\",\"contentUrl\":\"https:\/\/www.enbc.at\/wp-content\/uploads\/2004JapanHomeShow-013-300x225.jpg\"},{\"@type\":\"BreadcrumbList\",\"@id\":\"https:\/\/www.enbc.at\/en\/beratung-und-begleitung\/#breadcrumb\",\"itemListElement\":[{\"@type\":\"ListItem\",\"position\":1,\"name\":\"Startseite\",\"item\":\"https:\/\/www.enbc.at\/\"},{\"@type\":\"ListItem\",\"position\":2,\"name\":\"Japan consulting and support\"}]},{\"@type\":\"WebSite\",\"@id\":\"https:\/\/www.enbc.at\/en\/#website\",\"url\":\"https:\/\/www.enbc.at\/en\/\",\"name\":\"Mag. Ingrid Eder-Brunnhofer, MBA\",\"description\":\"Japanbezogene Beratungsleistungen\",\"publisher\":{\"@id\":\"https:\/\/www.enbc.at\/en\/#organization\"},\"potentialAction\":[{\"@type\":\"SearchAction\",\"target\":{\"@type\":\"EntryPoint\",\"urlTemplate\":\"https:\/\/www.enbc.at\/en\/?s={search_term_string}\"},\"query-input\":{\"@type\":\"PropertyValueSpecification\",\"valueRequired\":true,\"valueName\":\"search_term_string\"}}],\"inLanguage\":\"en-US\"},{\"@type\":\"Organization\",\"@id\":\"https:\/\/www.enbc.at\/en\/#organization\",\"name\":\"ENBC e.U.\",\"url\":\"https:\/\/www.enbc.at\/en\/\",\"logo\":{\"@type\":\"ImageObject\",\"inLanguage\":\"en-US\",\"@id\":\"https:\/\/www.enbc.at\/en\/#\/schema\/logo\/image\/\",\"url\":\"https:\/\/www.enbc.at\/wp-content\/uploads\/cropped-ENBC-Logo.jpg\",\"contentUrl\":\"https:\/\/www.enbc.at\/wp-content\/uploads\/cropped-ENBC-Logo.jpg\",\"width\":512,\"height\":512,\"caption\":\"ENBC e.U.\"},\"image\":{\"@id\":\"https:\/\/www.enbc.at\/en\/#\/schema\/logo\/image\/\"},\"sameAs\":[\"https:\/\/www.linkedin.com\/in\/ingrid-eder-brunnhofer-04462927\"]}]}<\/script>\n<!-- \/ Yoast SEO plugin. -->","yoast_head_json":{"title":"Japan Gesch\u00e4ftsberatung - Japan business consultancy","description":"Beratung, Unterst\u00fctzung und Begleitung Ihrer Gesch\u00e4ftsaktivit\u00e4ten in Japan. Consultant for all your business needs in the Japanese market.","robots":{"index":"index","follow":"follow","max-snippet":"max-snippet:-1","max-image-preview":"max-image-preview:large","max-video-preview":"max-video-preview:-1"},"canonical":"https:\/\/www.enbc.at\/en\/beratung-und-begleitung\/","og_locale":"en_US","og_type":"article","og_title":"Japan Gesch\u00e4ftsberatung - Japan business consultancy","og_description":"Beratung, Unterst\u00fctzung und Begleitung Ihrer Gesch\u00e4ftsaktivit\u00e4ten in Japan. Consultant for all your business needs in the Japanese market.","og_url":"https:\/\/www.enbc.at\/en\/beratung-und-begleitung\/","og_site_name":"Mag. Ingrid Eder-Brunnhofer, MBA","article_modified_time":"2025-04-17T13:26:58+00:00","og_image":[{"url":"https:\/\/www.enbc.at\/wp-content\/uploads\/2004JapanHomeShow-013-300x225.jpg","type":"","width":"","height":""}],"twitter_card":"summary_large_image","twitter_misc":{"Est. reading time":"1 minute"},"schema":{"@context":"https:\/\/schema.org","@graph":[{"@type":"WebPage","@id":"https:\/\/www.enbc.at\/en\/beratung-und-begleitung\/","url":"https:\/\/www.enbc.at\/en\/beratung-und-begleitung\/","name":"Japan Gesch\u00e4ftsberatung - Japan business consultancy","isPartOf":{"@id":"https:\/\/www.enbc.at\/en\/#website"},"primaryImageOfPage":{"@id":"https:\/\/www.enbc.at\/en\/beratung-und-begleitung\/#primaryimage"},"image":{"@id":"https:\/\/www.enbc.at\/en\/beratung-und-begleitung\/#primaryimage"},"thumbnailUrl":"https:\/\/www.enbc.at\/wp-content\/uploads\/2004JapanHomeShow-013-300x225.jpg","datePublished":"2016-06-14T04:48:57+00:00","dateModified":"2025-04-17T13:26:58+00:00","description":"Beratung, Unterst\u00fctzung und Begleitung Ihrer Gesch\u00e4ftsaktivit\u00e4ten in Japan. Consultant for all your business needs in the Japanese market.","breadcrumb":{"@id":"https:\/\/www.enbc.at\/en\/beratung-und-begleitung\/#breadcrumb"},"inLanguage":"en-US","potentialAction":[{"@type":"ReadAction","target":["https:\/\/www.enbc.at\/en\/beratung-und-begleitung\/"]}]},{"@type":"ImageObject","inLanguage":"en-US","@id":"https:\/\/www.enbc.at\/en\/beratung-und-begleitung\/#primaryimage","url":"https:\/\/www.enbc.at\/wp-content\/uploads\/2004JapanHomeShow-013-300x225.jpg","contentUrl":"https:\/\/www.enbc.at\/wp-content\/uploads\/2004JapanHomeShow-013-300x225.jpg"},{"@type":"BreadcrumbList","@id":"https:\/\/www.enbc.at\/en\/beratung-und-begleitung\/#breadcrumb","itemListElement":[{"@type":"ListItem","position":1,"name":"Startseite","item":"https:\/\/www.enbc.at\/"},{"@type":"ListItem","position":2,"name":"Japan consulting and support"}]},{"@type":"WebSite","@id":"https:\/\/www.enbc.at\/en\/#website","url":"https:\/\/www.enbc.at\/en\/","name":"Mag. Ingrid Eder-Brunnhofer, MBA","description":"Japanbezogene Beratungsleistungen","publisher":{"@id":"https:\/\/www.enbc.at\/en\/#organization"},"potentialAction":[{"@type":"SearchAction","target":{"@type":"EntryPoint","urlTemplate":"https:\/\/www.enbc.at\/en\/?s={search_term_string}"},"query-input":{"@type":"PropertyValueSpecification","valueRequired":true,"valueName":"search_term_string"}}],"inLanguage":"en-US"},{"@type":"Organization","@id":"https:\/\/www.enbc.at\/en\/#organization","name":"ENBC e.U.","url":"https:\/\/www.enbc.at\/en\/","logo":{"@type":"ImageObject","inLanguage":"en-US","@id":"https:\/\/www.enbc.at\/en\/#\/schema\/logo\/image\/","url":"https:\/\/www.enbc.at\/wp-content\/uploads\/cropped-ENBC-Logo.jpg","contentUrl":"https:\/\/www.enbc.at\/wp-content\/uploads\/cropped-ENBC-Logo.jpg","width":512,"height":512,"caption":"ENBC e.U."},"image":{"@id":"https:\/\/www.enbc.at\/en\/#\/schema\/logo\/image\/"},"sameAs":["https:\/\/www.linkedin.com\/in\/ingrid-eder-brunnhofer-04462927"]}]}},"_links":{"self":[{"href":"https:\/\/www.enbc.at\/en\/wp-json\/wp\/v2\/pages\/4405","targetHints":{"allow":["GET"]}}],"collection":[{"href":"https:\/\/www.enbc.at\/en\/wp-json\/wp\/v2\/pages"}],"about":[{"href":"https:\/\/www.enbc.at\/en\/wp-json\/wp\/v2\/types\/page"}],"author":[{"embeddable":true,"href":"https:\/\/www.enbc.at\/en\/wp-json\/wp\/v2\/users\/1"}],"replies":[{"embeddable":true,"href":"https:\/\/www.enbc.at\/en\/wp-json\/wp\/v2\/comments?post=4405"}],"version-history":[{"count":5,"href":"https:\/\/www.enbc.at\/en\/wp-json\/wp\/v2\/pages\/4405\/revisions"}],"predecessor-version":[{"id":4830,"href":"https:\/\/www.enbc.at\/en\/wp-json\/wp\/v2\/pages\/4405\/revisions\/4830"}],"wp:attachment":[{"href":"https:\/\/www.enbc.at\/en\/wp-json\/wp\/v2\/media?parent=4405"}],"curies":[{"name":"wp","href":"https:\/\/api.w.org\/{rel}","templated":true}]}}