{"id":4699,"date":"2022-04-25T12:07:38","date_gmt":"2022-04-25T10:07:38","guid":{"rendered":"https:\/\/www.enbc.at\/datenschutzerklaerung\/"},"modified":"2022-04-25T12:54:39","modified_gmt":"2022-04-25T10:54:39","slug":"datenschutzerklaerung","status":"publish","type":"page","link":"https:\/\/www.enbc.at\/en\/datenschutzerklaerung\/","title":{"rendered":"Privacy policy"},"content":{"rendered":"<p>The protection of your personal data is of particular concern to us. We process your data exclusively on the basis of the relevant legal provisions.<\/p>\n<p><code><h1>Datenschutzerkl\u00e4rung<\/h1>\n<p><p>In dieser Datenschutzerkl\u00e4rung informieren wir Sie \u00fcber die Verarbeitung Ihrer personenbezogenen Daten.<\/p>\n<p> Sofern Sie Ihre Datenschutzeinstellungen \u00e4ndern m\u00f6chten (Einwilligungen erteilen oder bereits erteilte Einwilligungen widerrufen), klicken Sie <a target=\"_blank\" href=\"#\" class=\"sp-dsgvo-show-privacy-popup\">hier<\/a> um Ihre Einstellungen zu \u00e4ndern.<\/p>\n<h2>Verantwortlich<\/h2>\n<p>Ingrid Eder-Brunnhofer, ENBC e.U., Raslweg 36, 4600 Wels, \u00d6sterreich, <a href=\"mailto:ingrid.eder@enb.at\">ingrid.eder@enb.at<\/a>, +436645318132<\/p>\n<h2>Datenschutzbeauftragter<\/h2>\n<p><p>Unseren Datenschutzbeauftragten erreichen Sie unter:<\/p>\n<p>z.H. Ingrid Eder-Brunnhofer, <br \/>Raslweg 36 <br \/>4600 Wels <br \/>Telefon: 06645318132 <br \/>Email: <a href=\"mailto:ingrid.eder@enbc.at\">ingrid.eder@enbc.at<\/a> <\/p>\n<h2>Hosting Provider<\/h2>\n<p><strong>Dienst:\u00a0<\/strong>Liwest<br \/>\n<strong>Anbieter:<\/strong> Lindengasse 18, 4040 Linz, Austria<br \/>\n<strong>Datenschutzerkl\u00e4rung:<\/strong> https:\/\/www.liwest.at\/ueberliwest\/datenschutz<br \/>\n<strong>Privacy Shield:<\/strong> Link Privacy Shield (nur bei Diensten aus USA notwendig)<\/p>\n<h2>Web Schriften<\/h2>\n<h3>Adobe Fonts<\/h3>\n<p><p>Wir verarbeiten mit unserem Auftragsverarbeiter <a target=\"_blank\" href=\"\/\/fonts.adobe.com\/\">Adobe Fonts<\/a>, Adobe Systems Software Ireland Limited, Citywest Business Campus, Dublin 24, Irland, Verbindungsdaten und Browserdaten zum Zweck der Bereitstellung der vom Webbrowser zur Anzeige der Website ben\u00f6tigten Schriftarten. Diese Daten werden nur f\u00fcr die zur Auswahl und \u00dcbermittlung der Schriftarten ben\u00f6tigte Dauer verarbeitet.<\/p>\n<p>Die Rechtsgrundlage f\u00fcr die Datenverarbeitung ist das berechtigte Interesse (unbedingte technische Notwendigkeit zur Bereitstellung und Auslieferung des von Ihnen durch Ihren Aufruf ausdr\u00fccklich gew\u00fcnschten Dienstes &#8220;Website&#8221;) gem\u00e4\u00df Art. 6 Abs. 1 lit. f DSGVO.<\/p>\n<p>Soweit durch Adobe Fonts eine weitergehende eigenst\u00e4ndige Verarbeitung der Daten erfolgt, ist Adobe Fonts daf\u00fcr alleinige Verantwortliche. Details finden Sie in der <a target=\"_blank\" href=\"https:\/\/www.adobe.com\/de\/privacy.html\">Datenschutzerkl\u00e4rung<\/a> von Adobe Fonts.<\/p>\n<\/p>\n<h2>Analysedienste<\/h2>\n<h3>Google Analytics<\/h3>\n<p><p>Im Fall der Erteilung Ihrer Einwilligung verarbeiten wir mit dem Dienst <a target=\"_blank\" href=\"https:\\\\analytics.google.com\">Google Analytics<\/a>, Google LLC, Amphitheatre Parkway, Mountain View, CA 94043, USA, als gemeinsame Verantwortliche Ihre personenbezogenen Daten zum Zweck der Fehleranalyse und der statistischen Auswertung unserer Website. Die Nichterteilung der Einwilligung hat auf die Funktion der Website keine unmittelbare Auswirkung, ohne statistische Daten wird uns jedoch die Weiterentwicklung der Website erschwert. Eine bereits erteilte Einwilligung k\u00f6nnen Sie widerrufen, indem Sie die <a target=\"_blank\" class=\"lwb-ppsp\" href=\"#\" title=\"Datenschutzeinstellungen\">Datenschutzeinstellungen<\/a> \u00e4ndern.<\/p>\n<p>Wir erm\u00f6glichen dem Dienst die Erhebung von Verbindungsdaten, Daten ihres Webbrowsers und Daten \u00fcber die aufgerufenen Inhalte sowie die Ausf\u00fchrung von Analysesoftware und die Speicherung von Daten auf ihrem Endger\u00e4t. Der Dienst anonymisiert die erhobenen Daten unmittelbar nach der Erhebung und stellt uns die anonymen Daten in Form von Statistiken zur Auswertung zur Verf\u00fcgung. Wir nutzen diese Statistiken zur Fehlerbehebung und zur Weiterentwicklung unserer Website. Die Daten auf ihrem Endger\u00e4t werden f\u00fcr die Dauer von bis zu zwei Jahren gespeichert.<\/p>\n<p>Die Rechtsgrundlage f\u00fcr die Datenverarbeitung ist Ihre Einwilligung gem\u00e4\u00df Art. 6 Abs 1 lit. a DSGVO. Der Google Konzern \u00fcbermittelt Ihre personenbezogenen Daten in die USA. Die Rechtsgrundlage f\u00fcr die Daten\u00fcbermittlung in die USA ist Ihre Einwilligung gem\u00e4\u00df Art. 49 Abs 1 lit a iVm Art. 6 Abs 1 lit a DSGVO in Verbindung mit \u00a725 TTDSG. Sie wurden bereits vor Erteilung Ihrer Einwilligung informiert, dass die USA \u00fcber kein den Standards der EU entsprechendes Datenschutzniveau verf\u00fcgt. Insbesondere k\u00f6nnen US Geheimdienste auf Ihre Daten zugreifen, ohne dass Sie dar\u00fcber informiert werden und ohne dass Sie dagegen rechtlich vorgehen k\u00f6nnen. Der Europ\u00e4ische Gerichtshof hat aus diesem Grund in einem Urteil den fr\u00fcheren Angemessenheitsbeschluss (Privacy Shield) f\u00fcr ung\u00fcltig erkl\u00e4rt.<\/p>\n<\/p>\n<h3>WP Statistics<\/h3>\n<p><p>Zum Zweck der Suche und Analyse von Fehlern, der Auswertung der Nutzung und der Ableitung von Ma\u00dfnahmen zur zuk\u00fcnftigen Weiterentwicklung unserer Website verarbeiten wir Ihre Daten mit Hilfe der lokalen Analysesoftware <a target=\"_blank\" href=\"https:\/\/wordpress.org\/plugins\/wp-statistics\/\">WP-Statistics<\/a>, WordPress.<\/p>\n<p>Da es sich bei diesem Dienst um ein lokales Analysetool handelt, werden keinerlei personenbezogene Daten an den Diensteanbieter oder an Dritte weitergeleitet. Zudem werden Ihre personenbezogenen Daten unmittelbar nach Erhebung anonymisiert. Eine \u00fcber den ersten Verarbeitungsschritt hinausgehende Speicherung von personenbezogenen Daten findet daher nicht statt.<\/p>\n<p>Die Rechtsgrundlage f\u00fcr die Datenverarbeitung ist das berechtigte Interesse (unbedingte technische Notwendigkeit zur Bereitstellung und Auslieferung des von Ihnen durch Ihren Aufruf ausdr\u00fccklich gew\u00fcnschten Dienstes &#8220;Website&#8221;) gem\u00e4\u00df Art. 6 Abs. 1 lit. f DSGVO.<\/p>\n<\/p>\n<h2>Widerspruchsrecht<\/h2>\n<p><p>Sofern die Verarbeitung Ihrer personenbezogenen Daten auf Grundlage des berechtigten Interesses erfolgt, haben Sie das Recht gegen diese Verarbeitung zu widersprechen.<\/p>\n<p>Sofern keine zwingenden schutzw\u00fcrdigen Gr\u00fcnde f\u00fcr die Verarbeitung unsererseits vorliegen, wird die Verarbeitung Ihrer Daten auf Basis dieser Rechtsgrundlage eingestellt.<\/p>\n<p>Zudem haben Sie das Recht, der Verarbeitung Ihrer personenbezogenen Daten zum Zweck der Direktwerbung zu widersprechen. Im Fall des Widerspruchs werden Ihre personenbezogenen Daten nicht mehr zum Zweck der Direktwerbung verarbeitet.<\/p>\n<p>Die Rechtm\u00e4\u00dfigkeit der bis zum Widerspruch verarbeiteten Daten wird durch den Widerspruch nicht ber\u00fchrt.<\/p>\n<\/p>\n<h2>Widerrufsrecht<\/h2>\n<p><p>Sie haben das Recht eine bereits erteilte Einwilligung jederzeit zu widerrufen, indem Sie die <a target=\"_blank\" class=\"lwb-ppsp\" href=\"#\" title=\"Datenschutzeinstellungen\">Datenschutzeinstellungen<\/a> \u00e4ndern.<\/p>\n<p>Im Fall der Einwilligung in den Erhalt elektronischer Werbung kann der Widerruf Ihrer Einwilligung durch Klick auf den Abmeldelink erfolgen. In diesem Fall wird eine Verarbeitung, sofern keine andere Rechtsgrundlage besteht, eingestellt.<\/p>\n<p>Die Rechtm\u00e4\u00dfigkeit der bis zum Widerruf verarbeiteten Daten wird durch den Widerruf nicht ber\u00fchrt.<\/p>\n<\/p>\n<h2>Betroffenenrechte<\/h2>\n<p><p>Sie haben zudem das Recht auf Auskunft, Berichtigung, L\u00f6schung und Einschr\u00e4nkung der Verarbeitung der personenbezogenen Daten.<\/p>\n<p>Soweit die Rechtsgrundlage der Verarbeitung Ihrer personenbezogenen Daten in Ihrer Einwilligung oder in einem mit Ihnen abgeschlossenen Vertrag besteht, haben Sie \u00fcberdies das Recht auf Daten\u00fcbertragbarkeit. <\/p>\n<p>Weiters haben Sie das Recht auf Beschwerde bei der Aufsichtsbeh\u00f6rde. N\u00e4here Informationen zu den Aufsichtsbeh\u00f6rden in der Europ\u00e4ischen Union finden Sie <a target=\"_blank\" href=\"https:\/\/ec.europa.eu\/justice\/article-29\/structure\/data-protection-authorities\/index_en.htm\" title=\"Datenschutzbeh\u00f6rden\">hier<\/a>.<\/p><\/p>\n<\/code><\/p>","protected":false},"excerpt":{"rendered":"<p>The protection of your personal data is of particular concern to us. We process your data exclusively on the basis of the relevant legal provisions.<\/p>\n","protected":false},"author":1,"featured_media":0,"parent":0,"menu_order":0,"comment_status":"closed","ping_status":"closed","template":"","meta":{"footnotes":""},"class_list":["post-4699","page","type-page","status-publish","hentry"],"yoast_head":"<!-- This site is optimized with the Yoast SEO plugin v24.9 - https:\/\/yoast.com\/wordpress\/plugins\/seo\/ -->\n<title>Privacy policy - Mag. Ingrid Eder-Brunnhofer, MBA<\/title>\n<meta name=\"robots\" content=\"index, follow, max-snippet:-1, max-image-preview:large, max-video-preview:-1\" \/>\n<link rel=\"canonical\" href=\"https:\/\/www.enbc.at\/datenschutzerklaerung\/\" \/>\n<meta property=\"og:locale\" content=\"en_US\" \/>\n<meta property=\"og:type\" content=\"article\" \/>\n<meta property=\"og:title\" content=\"[:de]Datenschutzerkl\u00e4rung[:en]Privacy policy[:] - Mag. Ingrid Eder-Brunnhofer, MBA\" \/>\n<meta property=\"og:description\" content=\"The protection of your personal data is of particular concern to us. We process your data exclusively on the basis of the relevant legal provisions.\" \/>\n<meta property=\"og:url\" content=\"https:\/\/www.enbc.at\/datenschutzerklaerung\/\" \/>\n<meta property=\"og:site_name\" content=\"Mag. Ingrid Eder-Brunnhofer, MBA\" \/>\n<meta property=\"article:modified_time\" content=\"2022-04-25T10:54:39+00:00\" \/>\n<meta name=\"twitter:card\" content=\"summary_large_image\" \/>\n<script type=\"application\/ld+json\" class=\"yoast-schema-graph\">{\"@context\":\"https:\/\/schema.org\",\"@graph\":[{\"@type\":\"WebPage\",\"@id\":\"https:\/\/www.enbc.at\/datenschutzerklaerung\/\",\"url\":\"https:\/\/www.enbc.at\/datenschutzerklaerung\/\",\"name\":\"[:de]Datenschutzerkl\u00e4rung[:en]Privacy policy[:] - Mag. Ingrid Eder-Brunnhofer, MBA\",\"isPartOf\":{\"@id\":\"https:\/\/www.enbc.at\/en\/#website\"},\"datePublished\":\"2022-04-25T10:07:38+00:00\",\"dateModified\":\"2022-04-25T10:54:39+00:00\",\"breadcrumb\":{\"@id\":\"https:\/\/www.enbc.at\/datenschutzerklaerung\/#breadcrumb\"},\"inLanguage\":\"en-US\",\"potentialAction\":[{\"@type\":\"ReadAction\",\"target\":[\"https:\/\/www.enbc.at\/datenschutzerklaerung\/\"]}]},{\"@type\":\"BreadcrumbList\",\"@id\":\"https:\/\/www.enbc.at\/datenschutzerklaerung\/#breadcrumb\",\"itemListElement\":[{\"@type\":\"ListItem\",\"position\":1,\"name\":\"Startseite\",\"item\":\"https:\/\/www.enbc.at\/\"},{\"@type\":\"ListItem\",\"position\":2,\"name\":\"Datenschutzerkl\u00e4rung\"}]},{\"@type\":\"WebSite\",\"@id\":\"https:\/\/www.enbc.at\/en\/#website\",\"url\":\"https:\/\/www.enbc.at\/en\/\",\"name\":\"Mag. Ingrid Eder-Brunnhofer, MBA\",\"description\":\"Japanbezogene Beratungsleistungen\",\"publisher\":{\"@id\":\"https:\/\/www.enbc.at\/en\/#organization\"},\"potentialAction\":[{\"@type\":\"SearchAction\",\"target\":{\"@type\":\"EntryPoint\",\"urlTemplate\":\"https:\/\/www.enbc.at\/en\/?s={search_term_string}\"},\"query-input\":{\"@type\":\"PropertyValueSpecification\",\"valueRequired\":true,\"valueName\":\"search_term_string\"}}],\"inLanguage\":\"en-US\"},{\"@type\":\"Organization\",\"@id\":\"https:\/\/www.enbc.at\/en\/#organization\",\"name\":\"ENBC e.U.\",\"url\":\"https:\/\/www.enbc.at\/en\/\",\"logo\":{\"@type\":\"ImageObject\",\"inLanguage\":\"en-US\",\"@id\":\"https:\/\/www.enbc.at\/en\/#\/schema\/logo\/image\/\",\"url\":\"https:\/\/www.enbc.at\/wp-content\/uploads\/cropped-ENBC-Logo.jpg\",\"contentUrl\":\"https:\/\/www.enbc.at\/wp-content\/uploads\/cropped-ENBC-Logo.jpg\",\"width\":512,\"height\":512,\"caption\":\"ENBC e.U.\"},\"image\":{\"@id\":\"https:\/\/www.enbc.at\/en\/#\/schema\/logo\/image\/\"},\"sameAs\":[\"https:\/\/www.linkedin.com\/in\/ingrid-eder-brunnhofer-04462927\"]}]}<\/script>\n<!-- \/ Yoast SEO plugin. -->","yoast_head_json":{"title":"[:de]Datenschutzerkl\u00e4rung[:en]Privacy policy[:] - Mag. Ingrid Eder-Brunnhofer, MBA","robots":{"index":"index","follow":"follow","max-snippet":"max-snippet:-1","max-image-preview":"max-image-preview:large","max-video-preview":"max-video-preview:-1"},"canonical":"https:\/\/www.enbc.at\/datenschutzerklaerung\/","og_locale":"en_US","og_type":"article","og_title":"[:de]Datenschutzerkl\u00e4rung[:en]Privacy policy[:] - Mag. Ingrid Eder-Brunnhofer, MBA","og_description":"The protection of your personal data is of particular concern to us. We process your data exclusively on the basis of the relevant legal provisions.","og_url":"https:\/\/www.enbc.at\/datenschutzerklaerung\/","og_site_name":"Mag. Ingrid Eder-Brunnhofer, MBA","article_modified_time":"2022-04-25T10:54:39+00:00","twitter_card":"summary_large_image","schema":{"@context":"https:\/\/schema.org","@graph":[{"@type":"WebPage","@id":"https:\/\/www.enbc.at\/datenschutzerklaerung\/","url":"https:\/\/www.enbc.at\/datenschutzerklaerung\/","name":"[:de]Datenschutzerkl\u00e4rung[:en]Privacy policy[:] - Mag. Ingrid Eder-Brunnhofer, MBA","isPartOf":{"@id":"https:\/\/www.enbc.at\/en\/#website"},"datePublished":"2022-04-25T10:07:38+00:00","dateModified":"2022-04-25T10:54:39+00:00","breadcrumb":{"@id":"https:\/\/www.enbc.at\/datenschutzerklaerung\/#breadcrumb"},"inLanguage":"en-US","potentialAction":[{"@type":"ReadAction","target":["https:\/\/www.enbc.at\/datenschutzerklaerung\/"]}]},{"@type":"BreadcrumbList","@id":"https:\/\/www.enbc.at\/datenschutzerklaerung\/#breadcrumb","itemListElement":[{"@type":"ListItem","position":1,"name":"Startseite","item":"https:\/\/www.enbc.at\/"},{"@type":"ListItem","position":2,"name":"Datenschutzerkl\u00e4rung"}]},{"@type":"WebSite","@id":"https:\/\/www.enbc.at\/en\/#website","url":"https:\/\/www.enbc.at\/en\/","name":"Mag. Ingrid Eder-Brunnhofer, MBA","description":"Japanbezogene Beratungsleistungen","publisher":{"@id":"https:\/\/www.enbc.at\/en\/#organization"},"potentialAction":[{"@type":"SearchAction","target":{"@type":"EntryPoint","urlTemplate":"https:\/\/www.enbc.at\/en\/?s={search_term_string}"},"query-input":{"@type":"PropertyValueSpecification","valueRequired":true,"valueName":"search_term_string"}}],"inLanguage":"en-US"},{"@type":"Organization","@id":"https:\/\/www.enbc.at\/en\/#organization","name":"ENBC e.U.","url":"https:\/\/www.enbc.at\/en\/","logo":{"@type":"ImageObject","inLanguage":"en-US","@id":"https:\/\/www.enbc.at\/en\/#\/schema\/logo\/image\/","url":"https:\/\/www.enbc.at\/wp-content\/uploads\/cropped-ENBC-Logo.jpg","contentUrl":"https:\/\/www.enbc.at\/wp-content\/uploads\/cropped-ENBC-Logo.jpg","width":512,"height":512,"caption":"ENBC e.U."},"image":{"@id":"https:\/\/www.enbc.at\/en\/#\/schema\/logo\/image\/"},"sameAs":["https:\/\/www.linkedin.com\/in\/ingrid-eder-brunnhofer-04462927"]}]}},"_links":{"self":[{"href":"https:\/\/www.enbc.at\/en\/wp-json\/wp\/v2\/pages\/4699","targetHints":{"allow":["GET"]}}],"collection":[{"href":"https:\/\/www.enbc.at\/en\/wp-json\/wp\/v2\/pages"}],"about":[{"href":"https:\/\/www.enbc.at\/en\/wp-json\/wp\/v2\/types\/page"}],"author":[{"embeddable":true,"href":"https:\/\/www.enbc.at\/en\/wp-json\/wp\/v2\/users\/1"}],"replies":[{"embeddable":true,"href":"https:\/\/www.enbc.at\/en\/wp-json\/wp\/v2\/comments?post=4699"}],"version-history":[{"count":0,"href":"https:\/\/www.enbc.at\/en\/wp-json\/wp\/v2\/pages\/4699\/revisions"}],"wp:attachment":[{"href":"https:\/\/www.enbc.at\/en\/wp-json\/wp\/v2\/media?parent=4699"}],"curies":[{"name":"wp","href":"https:\/\/api.w.org\/{rel}","templated":true}]}}